{"id":1179,"date":"2024-10-18T18:14:52","date_gmt":"2024-10-18T16:14:52","guid":{"rendered":"https:\/\/provencejardin.fr\/contact\/"},"modified":"2025-01-23T15:07:33","modified_gmt":"2025-01-23T14:07:33","slug":"contact","status":"publish","type":"page","link":"https:\/\/provencejardin.fr\/en\/contact\/","title":{"rendered":"Contact"},"content":{"rendered":"<p>[et_pb_section fb_built=&#8221;1&#8243; disabled_on=&#8221;on|on|off&#8221; admin_label=&#8221;Hero&#8221; _builder_version=&#8221;4.27.2&#8243; background_color=&#8221;#000000&#8243; background_image=&#8221;https:\/\/provencejardin.fr\/wp-content\/uploads\/2024\/10\/provence_jardin-Contact-01.webp&#8221; custom_padding=&#8221;|0px||0px|false|false&#8221; animation_style=&#8221;zoom&#8221; animation_duration=&#8221;2000ms&#8221; animation_intensity_zoom=&#8221;4%&#8221; locked=&#8221;off&#8221; global_colors_info=&#8221;{}&#8221;][et_pb_row _builder_version=&#8221;4.27.2&#8243; _module_preset=&#8221;default&#8221; width=&#8221;100%&#8221; width_tablet=&#8221;80%&#8221; width_phone=&#8221;80%&#8221; width_last_edited=&#8221;on|desktop&#8221; max_width=&#8221;none&#8221; custom_padding=&#8221;||||false|false&#8221; scroll_vertical_motion_enable=&#8221;on&#8221; scroll_vertical_motion=&#8221;0|50|50|100|1|0|-1&#8243; locked=&#8221;off&#8221; global_colors_info=&#8221;{}&#8221;][et_pb_column type=&#8221;4_4&#8243; _builder_version=&#8221;4.24.3&#8243; _module_preset=&#8221;default&#8221; global_colors_info=&#8221;{}&#8221;][et_pb_heading _builder_version=&#8221;4.27.2&#8243; _module_preset=&#8221;7c15a0dd-9d32-4202-99b2-6b4b05e12505&#8243; title_font=&#8221;Futura Medium|||on|||||&#8221; title_text_align=&#8221;center&#8221; title_text_color=&#8221;#FFFFFF&#8221; title_font_size=&#8221;3vw&#8221; custom_padding=&#8221;40vw||5vw||false|false&#8221; animation_style=&#8221;fade&#8221; animation_duration=&#8221;1700ms&#8221; animation_starting_opacity=&#8221;26%&#8221; title_text_shadow_style=&#8221;preset1&#8243; title_text_shadow_horizontal_length=&#8221;-0.03em&#8221; global_colors_info=&#8221;{}&#8221;][\/et_pb_heading][\/et_pb_column][\/et_pb_row][\/et_pb_section][et_pb_section fb_built=&#8221;1&#8243; admin_label=&#8221;Header&#8221; _builder_version=&#8221;4.27.2&#8243; _module_preset=&#8221;default&#8221; background_color=&#8221;#b6baa9&#8243; locked=&#8221;off&#8221; collapsed=&#8221;on&#8221; global_colors_info=&#8221;{}&#8221;][et_pb_row _builder_version=&#8221;4.27.2&#8243; _module_preset=&#8221;default&#8221; width=&#8221;58%&#8221; width_tablet=&#8221;58%&#8221; width_phone=&#8221;80%&#8221; width_last_edited=&#8221;on|phone&#8221; max_width=&#8221;none&#8221; locked=&#8221;off&#8221; global_colors_info=&#8221;{}&#8221;][et_pb_column type=&#8221;4_4&#8243; _builder_version=&#8221;4.24.3&#8243; _module_preset=&#8221;default&#8221; global_colors_info=&#8221;{}&#8221;][et_pb_text _builder_version=&#8221;4.27.2&#8243; _module_preset=&#8221;default&#8221; text_font=&#8221;FuturaBook|500|||||||&#8221; text_font_size=&#8221;24px&#8221; text_line_height=&#8221;1.4em&#8221; header_2_font_size=&#8221;33px&#8221; header_3_font=&#8221;FuturaBook|700|||||||&#8221; header_3_font_size=&#8221;24px&#8221; header_3_line_height=&#8221;1.5em&#8221; text_font_size_tablet=&#8221;24px&#8221; text_font_size_phone=&#8221;14px&#8221; text_font_size_last_edited=&#8221;on|phone&#8221; locked=&#8221;off&#8221; global_colors_info=&#8221;{}&#8221;]<\/p>\n<p>Do you have a landscape project in mind? Would you like to improve and maintain your outdoor space? Provence Jardin operates in Eygali\u00e8res, the Alpilles, the Lub\u00e9ron, the Pays d&#8217;Aix and the C\u00f4te d&#8217;Azur. We look forward to hearing from you.<\/p>\n<p>[\/et_pb_text][\/et_pb_column][\/et_pb_row][et_pb_row _builder_version=&#8221;4.27.2&#8243; _module_preset=&#8221;default&#8221; width=&#8221;58%&#8221; width_tablet=&#8221;58%&#8221; width_phone=&#8221;80%&#8221; width_last_edited=&#8221;on|phone&#8221; max_width=&#8221;none&#8221; locked=&#8221;off&#8221; global_colors_info=&#8221;{}&#8221;][et_pb_column type=&#8221;4_4&#8243; _builder_version=&#8221;4.24.3&#8243; _module_preset=&#8221;default&#8221; global_colors_info=&#8221;{}&#8221;][et_pb_contact_form email=&#8221;contact@provencejardin.fr&#8221; title=&#8221;Thank you for your message!&#8221; custom_message=&#8221;%%Name%%||et_pb_line_break_holder||%%Email%%||et_pb_line_break_holder||%%Message%%&#8221; success_message=&#8221;We have received your request and will get back to you as soon as possible. The Provence Jardin team is here to assist you with your landscaping and garden maintenance projects. See you soon!&#8221; submit_button_text=&#8221;SEND&#8221; _builder_version=&#8221;4.27.2&#8243; _module_preset=&#8221;default&#8221; _unique_id=&#8221;b26e64c5-ce15-4f70-8f0d-7d3d8cd7ab18&#8243; custom_button=&#8221;on&#8221; button_text_color=&#8221;#FFFFFF&#8221; button_bg_color=&#8221;#294325&#8243; button_border_color=&#8221;#294325&#8243; button_border_radius=&#8221;0px&#8221; global_colors_info=&#8221;{}&#8221;][et_pb_contact_field field_id=&#8221;Name&#8221; field_title=&#8221;Name&#8221; _builder_version=&#8221;4.27.2&#8243; global_colors_info=&#8221;{}&#8221; button_text_size__hover_enabled=&#8221;off&#8221; button_one_text_size__hover_enabled=&#8221;off&#8221; button_two_text_size__hover_enabled=&#8221;off&#8221; button_text_color__hover_enabled=&#8221;off&#8221; button_one_text_color__hover_enabled=&#8221;off&#8221; button_two_text_color__hover_enabled=&#8221;off&#8221; button_border_width__hover_enabled=&#8221;off&#8221; button_one_border_width__hover_enabled=&#8221;off&#8221; button_two_border_width__hover_enabled=&#8221;off&#8221; button_border_color__hover_enabled=&#8221;off&#8221; button_one_border_color__hover_enabled=&#8221;off&#8221; button_two_border_color__hover_enabled=&#8221;off&#8221; button_border_radius__hover_enabled=&#8221;off&#8221; button_one_border_radius__hover_enabled=&#8221;off&#8221; button_two_border_radius__hover_enabled=&#8221;off&#8221; button_letter_spacing__hover_enabled=&#8221;off&#8221; button_one_letter_spacing__hover_enabled=&#8221;off&#8221; button_two_letter_spacing__hover_enabled=&#8221;off&#8221; button_bg_color__hover_enabled=&#8221;off&#8221; button_one_bg_color__hover_enabled=&#8221;off&#8221; button_two_bg_color__hover_enabled=&#8221;off&#8221;][\/et_pb_contact_field][et_pb_contact_field field_id=&#8221;Email&#8221; field_title=&#8221;Email&#8221; field_type=&#8221;email&#8221; _builder_version=&#8221;4.27.2&#8243; global_colors_info=&#8221;{}&#8221; button_text_size__hover_enabled=&#8221;off&#8221; button_one_text_size__hover_enabled=&#8221;off&#8221; button_two_text_size__hover_enabled=&#8221;off&#8221; button_text_color__hover_enabled=&#8221;off&#8221; button_one_text_color__hover_enabled=&#8221;off&#8221; button_two_text_color__hover_enabled=&#8221;off&#8221; button_border_width__hover_enabled=&#8221;off&#8221; button_one_border_width__hover_enabled=&#8221;off&#8221; button_two_border_width__hover_enabled=&#8221;off&#8221; button_border_color__hover_enabled=&#8221;off&#8221; button_one_border_color__hover_enabled=&#8221;off&#8221; button_two_border_color__hover_enabled=&#8221;off&#8221; button_border_radius__hover_enabled=&#8221;off&#8221; button_one_border_radius__hover_enabled=&#8221;off&#8221; button_two_border_radius__hover_enabled=&#8221;off&#8221; button_letter_spacing__hover_enabled=&#8221;off&#8221; button_one_letter_spacing__hover_enabled=&#8221;off&#8221; button_two_letter_spacing__hover_enabled=&#8221;off&#8221; button_bg_color__hover_enabled=&#8221;off&#8221; button_one_bg_color__hover_enabled=&#8221;off&#8221; button_two_bg_color__hover_enabled=&#8221;off&#8221;][\/et_pb_contact_field][et_pb_contact_field field_id=&#8221;Message&#8221; field_title=&#8221;Message&#8221; field_type=&#8221;text&#8221; fullwidth_field=&#8221;on&#8221; _builder_version=&#8221;4.16&#8243; global_colors_info=&#8221;{}&#8221; button_text_size__hover_enabled=&#8221;off&#8221; button_one_text_size__hover_enabled=&#8221;off&#8221; button_two_text_size__hover_enabled=&#8221;off&#8221; button_text_color__hover_enabled=&#8221;off&#8221; button_one_text_color__hover_enabled=&#8221;off&#8221; button_two_text_color__hover_enabled=&#8221;off&#8221; button_border_width__hover_enabled=&#8221;off&#8221; button_one_border_width__hover_enabled=&#8221;off&#8221; button_two_border_width__hover_enabled=&#8221;off&#8221; button_border_color__hover_enabled=&#8221;off&#8221; button_one_border_color__hover_enabled=&#8221;off&#8221; button_two_border_color__hover_enabled=&#8221;off&#8221; button_border_radius__hover_enabled=&#8221;off&#8221; button_one_border_radius__hover_enabled=&#8221;off&#8221; button_two_border_radius__hover_enabled=&#8221;off&#8221; button_letter_spacing__hover_enabled=&#8221;off&#8221; button_one_letter_spacing__hover_enabled=&#8221;off&#8221; button_two_letter_spacing__hover_enabled=&#8221;off&#8221; button_bg_color__hover_enabled=&#8221;off&#8221; button_one_bg_color__hover_enabled=&#8221;off&#8221; button_two_bg_color__hover_enabled=&#8221;off&#8221;][\/et_pb_contact_field][\/et_pb_contact_form][\/et_pb_column][\/et_pb_row][\/et_pb_section][et_pb_section fb_built=&#8221;1&#8243; _builder_version=&#8221;4.27.2&#8243; _module_preset=&#8221;default&#8221; background_color=&#8221;#5d7750&#8243; custom_margin=&#8221;||||false|false&#8221; custom_padding=&#8221;20px||20px||false|false&#8221; locked=&#8221;off&#8221; global_colors_info=&#8221;{}&#8221;][et_pb_row _builder_version=&#8221;4.27.2&#8243; _module_preset=&#8221;default&#8221; width=&#8221;100%&#8221; max_width=&#8221;1800px&#8221; global_colors_info=&#8221;{}&#8221;][et_pb_column type=&#8221;4_4&#8243; _builder_version=&#8221;4.27.2&#8243; _module_preset=&#8221;default&#8221; global_colors_info=&#8221;{}&#8221;][et_pb_text _builder_version=&#8221;4.27.2&#8243; _module_preset=&#8221;default&#8221; header_3_font=&#8221;Futura Medium||||||||&#8221; header_3_text_align=&#8221;center&#8221; header_3_text_color=&#8221;#FFFFFF&#8221; header_3_font_size=&#8221;2vw&#8221; header_3_text_shadow_style=&#8221;preset1&#8243; locked=&#8221;off&#8221; global_colors_info=&#8221;{}&#8221;]<\/p>\n<h3>ILS NOUS FONT CONFIANCE&#8230;<\/h3>\n<p>[\/et_pb_text][dica_divi_carousel show_items_desktop=&#8221;7&#8243; show_items_tablet=&#8221;4&#8243; show_items_mobile=&#8221;2&#8243; advanced_effect=&#8221;1&#8243; overlay_color_field_bgcolor=&#8221;rgba(255,255,255,0.85)&#8221; _builder_version=&#8221;4.27.4&#8243; _module_preset=&#8221;default&#8221; global_colors_info=&#8221;{}&#8221; locked=&#8221;off&#8221;][dica_divi_carouselitem url=&#8221;https:\/\/www.baumaniere.com\/&#8221; url_new_window=&#8221;on&#8221; button_url_new_window=&#8221;1&#8243; image=&#8221;https:\/\/provencejardin.fr\/wp-content\/uploads\/2024\/10\/Oustau-Baumaniere-logo.jpg&#8221; _builder_version=&#8221;4.27.4&#8243; _module_preset=&#8221;default&#8221; global_colors_info=&#8221;{}&#8221;][\/dica_divi_carouselitem][dica_divi_carouselitem url=&#8221;https:\/\/www.dominique-lafourcade.com\/&#8221; url_new_window=&#8221;on&#8221; button_url_new_window=&#8221;1&#8243; image=&#8221;https:\/\/provencejardin.fr\/wp-content\/uploads\/2024\/10\/Oustau-Baumaniere-logo-copie.jpg&#8221; _builder_version=&#8221;4.27.4&#8243; _module_preset=&#8221;default&#8221; global_colors_info=&#8221;{}&#8221;][\/dica_divi_carouselitem][dica_divi_carouselitem url=&#8221;https:\/\/jeanmus.fr\/&#8221; url_new_window=&#8221;on&#8221; button_url_new_window=&#8221;1&#8243; image=&#8221;https:\/\/provencejardin.fr\/wp-content\/uploads\/2024\/10\/Jean-Mus.webp&#8221; _builder_version=&#8221;4.27.4&#8243; _module_preset=&#8221;default&#8221; global_colors_info=&#8221;{}&#8221;][\/dica_divi_carouselitem][dica_divi_carouselitem url=&#8221;https:\/\/www.estoublon.com\/&#8221; url_new_window=&#8221;on&#8221; button_url_new_window=&#8221;1&#8243; image=&#8221;https:\/\/provencejardin.fr\/wp-content\/uploads\/2024\/10\/Estoublon.webp&#8221; _builder_version=&#8221;4.27.4&#8243; _module_preset=&#8221;default&#8221; global_colors_info=&#8221;{}&#8221;][\/dica_divi_carouselitem][dica_divi_carouselitem url=&#8221;https:\/\/garden26.com\/&#8221; url_new_window=&#8221;on&#8221; button_url_new_window=&#8221;1&#8243; image=&#8221;https:\/\/provencejardin.fr\/wp-content\/uploads\/2024\/10\/Garden.webp&#8221; _builder_version=&#8221;4.27.4&#8243; _module_preset=&#8221;default&#8221; global_colors_info=&#8221;{}&#8221;][\/dica_divi_carouselitem][dica_divi_carouselitem url=&#8221;https:\/\/bosc-architectes.com\/&#8221; url_new_window=&#8221;on&#8221; button_url_new_window=&#8221;1&#8243; image=&#8221;https:\/\/provencejardin.fr\/wp-content\/uploads\/2024\/10\/Bosc.webp&#8221; _builder_version=&#8221;4.27.4&#8243; _module_preset=&#8221;default&#8221; global_colors_info=&#8221;{}&#8221;][\/dica_divi_carouselitem][dica_divi_carouselitem url=&#8221;https:\/\/www.lieux10.com\/&#8221; button_url_new_window=&#8221;1&#8243; image=&#8221;https:\/\/provencejardin.fr\/wp-content\/uploads\/2024\/10\/Lieux10.webp&#8221; _builder_version=&#8221;4.27.4&#8243; _module_preset=&#8221;default&#8221; global_colors_info=&#8221;{}&#8221;][\/dica_divi_carouselitem][\/dica_divi_carousel][\/et_pb_column][\/et_pb_row][\/et_pb_section]<\/p>\n","protected":false},"excerpt":{"rendered":"<p>Do you have a landscape project in mind? Would you like to improve and maintain your outdoor space? Provence Jardin operates in Eygali\u00e8res, the Alpilles, the Lub\u00e9ron, the Pays d&#8217;Aix and the C\u00f4te d&#8217;Azur. We look forward to hearing from you.ILS NOUS FONT CONFIANCE&#8230;<div class=\"et_pb_module dica_divi_carousel dica_divi_carousel_0\">\n\t\t\t\t\n\t\t\t\t\n\t\t\t\t\n\t\t\t\t\n\t\t\t\t\n\t\t\t\t\n\t\t\t\t<div class=\"et_pb_module_inner\">\n\t\t\t\t\t<div class=\"dica-container  desktop_middle-inside tablet_middle-inside mobile_middle-inside\" data-props='{\"desktop\":\"7\",\"tablet\":\"4\",\"mobile\":\"2\",\"speed\":\"500\",\"arrow\":\"off\",\"dots\":\"off\",\"autoplay\":\"off\",\"autoSpeed\":\"1000\",\"loop\":\"off\",\"item_spacing\":\"30\",\"center_mode\":\"off\",\"slider_effec\":\"1\",\"cover_rotate\":\"50\",\"pause_onhover\":\"off\",\"multislide\":\"off\",\"cfshadow\":\"on\",\"order\":\"0\",\"lazyload\":\"off\",\"lazybefore\":\"off\",\"scroller_effect\":\"off\",\"autowidth\":\"off\",\"item_spacing_tablet\":\"30\",\"item_spacing_phone\":\"30\",\"scroller_speed\":\"4000\",\"hashNavigation\":\"off\",\"simulatetouch\":\"off\",\"allowtouchmove\":\"off\",\"slide_row\":\"1\",\"slide_row_tablet\":\"1\",\"slide_row_phone\":\"1\",\"keyboard\":\"off\",\"mousewheel\":\"off\",\"autoplay_viewport\":\"\"}'>\n\t\t\t\t\t\t\t \t<div class=\"swiper-container\" >\n\t\t\t\t\t\t\t\t\t<div class=\"swiper-wrapper\"><\/div>\t\n\t\t\t\t\t\t\t\t<\/div>\t\n\t\t\t\t\t\t\t\t\n\t\t\t\t\t\t\t\t\t\t\t\t\t\t\n\t\t\t\t\t\t\t<\/div>\n\t\t\t\t<\/div>\n\t\t\t<\/div><div class=\"et_pb_module dica_divi_carouselitem dica_divi_carouselitem_0\">\n\t\t\t\t\n\t\t\t\t\n\t\t\t\t\n\t\t\t\t\n\t\t\t\t\n\t\t\t\t\n\t\t\t\t<div class=\"et_pb_module_inner\">\n\t\t\t\t\t <div class=\"dica-item empty-content image_top\"   data-hash=\"dica_divi_carouselitem_0\">\n\t\t\t\t\t\t\t\t\t\n\t\t\t\t\t\t\t\t\t\n\t\t\t\t\t\t\t<\/div>\n\t\t\t\t<\/div>\n\t\t\t<\/div><\/p>\n","protected":false},"author":1,"featured_media":0,"parent":0,"menu_order":0,"comment_status":"closed","ping_status":"closed","template":"","meta":{"_et_pb_use_builder":"on","_et_pb_old_content":"","_et_gb_content_width":"","footnotes":""},"class_list":["post-1179","page","type-page","status-publish","hentry"],"yoast_head":"<!-- This site is optimized with the Yoast SEO plugin v27.2 - https:\/\/yoast.com\/product\/yoast-seo-wordpress\/ -->\n<title>Provence Jardin: Your landscaping expert<\/title>\n<meta name=\"description\" content=\"Contact Provence Jardin for all your landscaping and grounds maintenance projects in Provence.\" \/>\n<meta name=\"robots\" content=\"index, follow, max-snippet:-1, max-image-preview:large, max-video-preview:-1\" \/>\n<link rel=\"canonical\" href=\"https:\/\/provencejardin.fr\/en\/contact\/\" \/>\n<meta property=\"og:locale\" content=\"en_US\" \/>\n<meta property=\"og:type\" content=\"article\" \/>\n<meta property=\"og:title\" content=\"Provence Jardin: Your landscaping expert\" \/>\n<meta property=\"og:description\" content=\"Contact Provence Jardin for all your landscaping and grounds maintenance projects in Provence.\" \/>\n<meta property=\"og:url\" content=\"https:\/\/provencejardin.fr\/en\/contact\/\" \/>\n<meta property=\"og:site_name\" content=\"Provence Jardin\" \/>\n<meta property=\"article:publisher\" content=\"https:\/\/www.facebook.com\/profile.php?id=100067770504171\" \/>\n<meta property=\"article:modified_time\" content=\"2025-01-23T14:07:33+00:00\" \/>\n<meta name=\"twitter:card\" content=\"summary_large_image\" \/>\n<meta name=\"twitter:label1\" content=\"Est. reading time\" \/>\n\t<meta name=\"twitter:data1\" content=\"2 minutes\" \/>\n<script type=\"application\/ld+json\" class=\"yoast-schema-graph\">{\"@context\":\"https:\/\/schema.org\",\"@graph\":[{\"@type\":\"WebPage\",\"@id\":\"https:\/\/provencejardin.fr\/en\/contact\/\",\"url\":\"https:\/\/provencejardin.fr\/en\/contact\/\",\"name\":\"Provence Jardin: Your landscaping expert\",\"isPartOf\":{\"@id\":\"https:\/\/provencejardin.fr\/#website\"},\"datePublished\":\"2024-10-18T16:14:52+00:00\",\"dateModified\":\"2025-01-23T14:07:33+00:00\",\"description\":\"Contact Provence Jardin for all your landscaping and grounds maintenance projects in Provence.\",\"breadcrumb\":{\"@id\":\"https:\/\/provencejardin.fr\/en\/contact\/#breadcrumb\"},\"inLanguage\":\"en-US\",\"potentialAction\":[{\"@type\":\"ReadAction\",\"target\":[\"https:\/\/provencejardin.fr\/en\/contact\/\"]}]},{\"@type\":\"BreadcrumbList\",\"@id\":\"https:\/\/provencejardin.fr\/en\/contact\/#breadcrumb\",\"itemListElement\":[{\"@type\":\"ListItem\",\"position\":1,\"name\":\"Accueil\",\"item\":\"https:\/\/provencejardin.fr\/en\/\"},{\"@type\":\"ListItem\",\"position\":2,\"name\":\"Contact\"}]},{\"@type\":\"WebSite\",\"@id\":\"https:\/\/provencejardin.fr\/#website\",\"url\":\"https:\/\/provencejardin.fr\/\",\"name\":\"Provence Jardin\",\"description\":\"Sp\u00e9cialiste de l&#039;am\u00e9nagement paysager \u00e0 Eygali\u00e8res dans les Alpilles\",\"publisher\":{\"@id\":\"https:\/\/provencejardin.fr\/#organization\"},\"potentialAction\":[{\"@type\":\"SearchAction\",\"target\":{\"@type\":\"EntryPoint\",\"urlTemplate\":\"https:\/\/provencejardin.fr\/?s={search_term_string}\"},\"query-input\":{\"@type\":\"PropertyValueSpecification\",\"valueRequired\":true,\"valueName\":\"search_term_string\"}}],\"inLanguage\":\"en-US\"},{\"@type\":\"Organization\",\"@id\":\"https:\/\/provencejardin.fr\/#organization\",\"name\":\"Provence Jardin\",\"url\":\"https:\/\/provencejardin.fr\/\",\"logo\":{\"@type\":\"ImageObject\",\"inLanguage\":\"en-US\",\"@id\":\"https:\/\/provencejardin.fr\/#\/schema\/logo\/image\/\",\"url\":\"https:\/\/provencejardin.fr\/wp-content\/uploads\/2024\/10\/Provence_Jardin_logo-1.svg\",\"contentUrl\":\"https:\/\/provencejardin.fr\/wp-content\/uploads\/2024\/10\/Provence_Jardin_logo-1.svg\",\"width\":\"1024\",\"height\":\"1024\",\"caption\":\"Provence Jardin\"},\"image\":{\"@id\":\"https:\/\/provencejardin.fr\/#\/schema\/logo\/image\/\"},\"sameAs\":[\"https:\/\/www.facebook.com\/profile.php?id=100067770504171\",\"https:\/\/www.instagram.com\/provence_jardin\/\"]}]}<\/script>\n<!-- \/ Yoast SEO plugin. -->","yoast_head_json":{"title":"Provence Jardin: Your landscaping expert","description":"Contact Provence Jardin for all your landscaping and grounds maintenance projects in Provence.","robots":{"index":"index","follow":"follow","max-snippet":"max-snippet:-1","max-image-preview":"max-image-preview:large","max-video-preview":"max-video-preview:-1"},"canonical":"https:\/\/provencejardin.fr\/en\/contact\/","og_locale":"en_US","og_type":"article","og_title":"Provence Jardin: Your landscaping expert","og_description":"Contact Provence Jardin for all your landscaping and grounds maintenance projects in Provence.","og_url":"https:\/\/provencejardin.fr\/en\/contact\/","og_site_name":"Provence Jardin","article_publisher":"https:\/\/www.facebook.com\/profile.php?id=100067770504171","article_modified_time":"2025-01-23T14:07:33+00:00","twitter_card":"summary_large_image","twitter_misc":{"Est. reading time":"2 minutes"},"schema":{"@context":"https:\/\/schema.org","@graph":[{"@type":"WebPage","@id":"https:\/\/provencejardin.fr\/en\/contact\/","url":"https:\/\/provencejardin.fr\/en\/contact\/","name":"Provence Jardin: Your landscaping expert","isPartOf":{"@id":"https:\/\/provencejardin.fr\/#website"},"datePublished":"2024-10-18T16:14:52+00:00","dateModified":"2025-01-23T14:07:33+00:00","description":"Contact Provence Jardin for all your landscaping and grounds maintenance projects in Provence.","breadcrumb":{"@id":"https:\/\/provencejardin.fr\/en\/contact\/#breadcrumb"},"inLanguage":"en-US","potentialAction":[{"@type":"ReadAction","target":["https:\/\/provencejardin.fr\/en\/contact\/"]}]},{"@type":"BreadcrumbList","@id":"https:\/\/provencejardin.fr\/en\/contact\/#breadcrumb","itemListElement":[{"@type":"ListItem","position":1,"name":"Accueil","item":"https:\/\/provencejardin.fr\/en\/"},{"@type":"ListItem","position":2,"name":"Contact"}]},{"@type":"WebSite","@id":"https:\/\/provencejardin.fr\/#website","url":"https:\/\/provencejardin.fr\/","name":"Provence Jardin","description":"Sp\u00e9cialiste de l&#039;am\u00e9nagement paysager \u00e0 Eygali\u00e8res dans les Alpilles","publisher":{"@id":"https:\/\/provencejardin.fr\/#organization"},"potentialAction":[{"@type":"SearchAction","target":{"@type":"EntryPoint","urlTemplate":"https:\/\/provencejardin.fr\/?s={search_term_string}"},"query-input":{"@type":"PropertyValueSpecification","valueRequired":true,"valueName":"search_term_string"}}],"inLanguage":"en-US"},{"@type":"Organization","@id":"https:\/\/provencejardin.fr\/#organization","name":"Provence Jardin","url":"https:\/\/provencejardin.fr\/","logo":{"@type":"ImageObject","inLanguage":"en-US","@id":"https:\/\/provencejardin.fr\/#\/schema\/logo\/image\/","url":"https:\/\/provencejardin.fr\/wp-content\/uploads\/2024\/10\/Provence_Jardin_logo-1.svg","contentUrl":"https:\/\/provencejardin.fr\/wp-content\/uploads\/2024\/10\/Provence_Jardin_logo-1.svg","width":"1024","height":"1024","caption":"Provence Jardin"},"image":{"@id":"https:\/\/provencejardin.fr\/#\/schema\/logo\/image\/"},"sameAs":["https:\/\/www.facebook.com\/profile.php?id=100067770504171","https:\/\/www.instagram.com\/provence_jardin\/"]}]}},"_links":{"self":[{"href":"https:\/\/provencejardin.fr\/en\/wp-json\/wp\/v2\/pages\/1179","targetHints":{"allow":["GET"]}}],"collection":[{"href":"https:\/\/provencejardin.fr\/en\/wp-json\/wp\/v2\/pages"}],"about":[{"href":"https:\/\/provencejardin.fr\/en\/wp-json\/wp\/v2\/types\/page"}],"author":[{"embeddable":true,"href":"https:\/\/provencejardin.fr\/en\/wp-json\/wp\/v2\/users\/1"}],"replies":[{"embeddable":true,"href":"https:\/\/provencejardin.fr\/en\/wp-json\/wp\/v2\/comments?post=1179"}],"version-history":[{"count":3,"href":"https:\/\/provencejardin.fr\/en\/wp-json\/wp\/v2\/pages\/1179\/revisions"}],"predecessor-version":[{"id":2427,"href":"https:\/\/provencejardin.fr\/en\/wp-json\/wp\/v2\/pages\/1179\/revisions\/2427"}],"wp:attachment":[{"href":"https:\/\/provencejardin.fr\/en\/wp-json\/wp\/v2\/media?parent=1179"}],"curies":[{"name":"wp","href":"https:\/\/api.w.org\/{rel}","templated":true}]}}